{"id":887,"date":"2025-04-27T03:18:31","date_gmt":"2025-04-27T00:18:31","guid":{"rendered":"https:\/\/sustecs.itu.edu.tr\/front_page\/"},"modified":"2025-05-18T02:00:04","modified_gmt":"2025-05-17T23:00:04","slug":"front_page","status":"publish","type":"page","link":"https:\/\/sustecs.itu.edu.tr\/en\/","title":{"rendered":""},"content":{"rendered":"<hr class=\"wp-block-separator has-alpha-channel-opacity\"\/>\n\n\n\n<div class=\"wp-block-media-text has-media-on-the-right is-stacked-on-mobile\"><div class=\"wp-block-media-text__content\">\n<p class=\"has-text-align-center\"><em>We are actively addressing climate change \u2014 the greatest human-induced disaster confronting our planet. Sustainable energy sources and technologies stand out as the most vital tools for both mitigation and adaptation efforts.<\/em><\/p>\n\n\n\n<p class=\"has-text-align-center\"><em><strong>SENERJIS <\/strong>Senerjis encompasses research efforts in renewable energy sources and technologies, climate change, strategies for mitigation and adaptation, and the investigation of atmospheric and extreme weather phenomena.<\/em><\/p>\n\n\n\n<p class=\"has-text-align-center\"><em>This laboratory aims to initiate education, research, and development projects to strengthen and expand collaborations between academia and industry. <\/em><\/p>\n\n\n\n<p><\/p>\n\n\n\n<p class=\"has-text-align-center\"><strong>Climate change is shaped by our past and defines our future.<\/strong><\/p>\n<\/div><figure class=\"wp-block-media-text__media\"><img loading=\"lazy\" decoding=\"async\" width=\"819\" height=\"1024\" src=\"https:\/\/sustecs.itu.edu.tr\/wp-content\/uploads\/2025\/04\/Adsiz-tasarim-2-819x1024.png\" alt=\"\" class=\"wp-image-1018 size-full\" srcset=\"https:\/\/sustecs.itu.edu.tr\/wp-content\/uploads\/2025\/04\/Adsiz-tasarim-2-819x1024.png 819w, https:\/\/sustecs.itu.edu.tr\/wp-content\/uploads\/2025\/04\/Adsiz-tasarim-2-240x300.png 240w, https:\/\/sustecs.itu.edu.tr\/wp-content\/uploads\/2025\/04\/Adsiz-tasarim-2-768x960.png 768w, https:\/\/sustecs.itu.edu.tr\/wp-content\/uploads\/2025\/04\/Adsiz-tasarim-2-864x1080.png 864w, https:\/\/sustecs.itu.edu.tr\/wp-content\/uploads\/2025\/04\/Adsiz-tasarim-2.png 1080w\" sizes=\"(max-width: 819px) 100vw, 819px\" \/><\/figure><\/div>\n\n\n\n<hr class=\"wp-block-separator has-alpha-channel-opacity\"\/>\n\n\n\n<div class=\"wp-block-columns is-layout-flex wp-container-core-columns-is-layout-28f84493 wp-block-columns-is-layout-flex\">\n<div class=\"wp-block-column is-layout-flow wp-block-column-is-layout-flow\">\n<figure class=\"wp-block-image size-full\"><img loading=\"lazy\" decoding=\"async\" width=\"1059\" height=\"816\" src=\"https:\/\/sustecs.itu.edu.tr\/wp-content\/uploads\/2025\/04\/ekle-1-4.png\" alt=\"\" class=\"wp-image-963\" srcset=\"https:\/\/sustecs.itu.edu.tr\/wp-content\/uploads\/2025\/04\/ekle-1-4.png 1059w, https:\/\/sustecs.itu.edu.tr\/wp-content\/uploads\/2025\/04\/ekle-1-4-300x231.png 300w, https:\/\/sustecs.itu.edu.tr\/wp-content\/uploads\/2025\/04\/ekle-1-4-1024x789.png 1024w, https:\/\/sustecs.itu.edu.tr\/wp-content\/uploads\/2025\/04\/ekle-1-4-768x592.png 768w\" sizes=\"(max-width: 1059px) 100vw, 1059px\" \/><\/figure>\n<\/div>\n\n\n\n<div class=\"wp-block-column is-layout-flow wp-block-column-is-layout-flow\">\n<figure class=\"wp-block-image size-full\"><img loading=\"lazy\" decoding=\"async\" width=\"683\" height=\"512\" src=\"https:\/\/sustecs.itu.edu.tr\/wp-content\/uploads\/2025\/04\/WhatsApp-Image-2022-06-28-at-10.08.56-12-edited.jpeg\" alt=\"\" class=\"wp-image-1009\" srcset=\"https:\/\/sustecs.itu.edu.tr\/wp-content\/uploads\/2025\/04\/WhatsApp-Image-2022-06-28-at-10.08.56-12-edited.jpeg 683w, https:\/\/sustecs.itu.edu.tr\/wp-content\/uploads\/2025\/04\/WhatsApp-Image-2022-06-28-at-10.08.56-12-edited-300x225.jpeg 300w\" sizes=\"(max-width: 683px) 100vw, 683px\" \/><\/figure>\n<\/div>\n<\/div>\n\n\n\n<div class=\"wp-block-columns is-layout-flex wp-container-core-columns-is-layout-28f84493 wp-block-columns-is-layout-flex\">\n<div class=\"wp-block-column is-layout-flow wp-block-column-is-layout-flow\">\n<figure class=\"wp-block-image size-full\"><img loading=\"lazy\" decoding=\"async\" width=\"1024\" height=\"768\" src=\"https:\/\/sustecs.itu.edu.tr\/wp-content\/uploads\/2022\/06\/WhatsApp-Image-2022-06-28-at-10.17.00-2.jpeg\" alt=\"\" class=\"wp-image-269\" srcset=\"https:\/\/sustecs.itu.edu.tr\/wp-content\/uploads\/2022\/06\/WhatsApp-Image-2022-06-28-at-10.17.00-2.jpeg 1024w, https:\/\/sustecs.itu.edu.tr\/wp-content\/uploads\/2022\/06\/WhatsApp-Image-2022-06-28-at-10.17.00-2-300x225.jpeg 300w, https:\/\/sustecs.itu.edu.tr\/wp-content\/uploads\/2022\/06\/WhatsApp-Image-2022-06-28-at-10.17.00-2-768x576.jpeg 768w\" sizes=\"(max-width: 1024px) 100vw, 1024px\" \/><\/figure>\n<\/div>\n\n\n\n<div class=\"wp-block-column is-layout-flow wp-block-column-is-layout-flow\">\n<figure class=\"wp-block-image size-full\"><img loading=\"lazy\" decoding=\"async\" width=\"1024\" height=\"768\" src=\"https:\/\/sustecs.itu.edu.tr\/wp-content\/uploads\/2022\/06\/WhatsApp-Image-2022-06-28-at-10.16.59-9.jpeg\" alt=\"\" class=\"wp-image-265\" srcset=\"https:\/\/sustecs.itu.edu.tr\/wp-content\/uploads\/2022\/06\/WhatsApp-Image-2022-06-28-at-10.16.59-9.jpeg 1024w, https:\/\/sustecs.itu.edu.tr\/wp-content\/uploads\/2022\/06\/WhatsApp-Image-2022-06-28-at-10.16.59-9-300x225.jpeg 300w, https:\/\/sustecs.itu.edu.tr\/wp-content\/uploads\/2022\/06\/WhatsApp-Image-2022-06-28-at-10.16.59-9-768x576.jpeg 768w\" sizes=\"(max-width: 1024px) 100vw, 1024px\" \/><\/figure>\n<\/div>\n<\/div>","protected":false},"excerpt":{"rendered":"<p>D\u00fcnyan\u0131n kar\u015f\u0131 kar\u015f\u0131ya kald\u0131\u011f\u0131 insan kaynakl\u0131 en b\u00fcy\u00fck afet olarak tan\u0131mlanan iklim de\u011fi\u015fikli\u011fiyle m\u00fccadele ediyoruz. Bu afete kar\u015f\u0131 uyum sa\u011flama ve m\u00fccadelede s\u00fcrd\u00fcr\u00fclebilir enerji kaynaklar\u0131 ile teknolojileri en \u00f6nemli ara\u00e7lar olarak \u00f6ne \u00e7\u0131kmaktad\u0131r. SENERJ\u0130S \u00e7at\u0131s\u0131 alt\u0131nda; yenilenebilir enerji kaynaklar\u0131 ve teknolojileri, iklim de\u011fi\u015fikli\u011fi, iklim de\u011fi\u015fikli\u011fine uyum ve m\u00fccadele, atmosferik olaylar ile ekstrem hava olaylar\u0131n\u0131n ara\u015ft\u0131r\u0131lmas\u0131 [&hellip;]<\/p>\n","protected":false},"author":1,"featured_media":0,"parent":0,"menu_order":0,"comment_status":"closed","ping_status":"closed","template":"","meta":{"saved_in_kubio":true,"footnotes":""},"class_list":["post-887","page","type-page","status-publish","hentry"],"aioseo_notices":[],"kubio_ai_page_context":{"short_desc":"","purpose":"general"},"_links":{"self":[{"href":"https:\/\/sustecs.itu.edu.tr\/en\/wp-json\/wp\/v2\/pages\/887","targetHints":{"allow":["GET"]}}],"collection":[{"href":"https:\/\/sustecs.itu.edu.tr\/en\/wp-json\/wp\/v2\/pages"}],"about":[{"href":"https:\/\/sustecs.itu.edu.tr\/en\/wp-json\/wp\/v2\/types\/page"}],"author":[{"embeddable":true,"href":"https:\/\/sustecs.itu.edu.tr\/en\/wp-json\/wp\/v2\/users\/1"}],"replies":[{"embeddable":true,"href":"https:\/\/sustecs.itu.edu.tr\/en\/wp-json\/wp\/v2\/comments?post=887"}],"version-history":[{"count":24,"href":"https:\/\/sustecs.itu.edu.tr\/en\/wp-json\/wp\/v2\/pages\/887\/revisions"}],"predecessor-version":[{"id":1048,"href":"https:\/\/sustecs.itu.edu.tr\/en\/wp-json\/wp\/v2\/pages\/887\/revisions\/1048"}],"wp:attachment":[{"href":"https:\/\/sustecs.itu.edu.tr\/en\/wp-json\/wp\/v2\/media?parent=887"}],"curies":[{"name":"wp","href":"https:\/\/api.w.org\/{rel}","templated":true}]}}