{"id":794,"date":"2023-11-28T19:23:09","date_gmt":"2023-11-28T16:23:09","guid":{"rendered":"https:\/\/sustecs.itu.edu.tr\/?page_id=794"},"modified":"2023-11-28T19:24:56","modified_gmt":"2023-11-28T16:24:56","slug":"proje-calismalari","status":"publish","type":"page","link":"https:\/\/sustecs.itu.edu.tr\/en\/proje-calismalari\/","title":{"rendered":"Project Studies"},"content":{"rendered":"<p class=\"has-text-align-center\">Our laboratory director, Prof. Dr. Ahmet Duran \u015eahin, has been awarded the Academic Achievement Incentive Award and granted support under the Performance-Based Research Project (PEDAP) program by the Rectorate of Istanbul Technical University.\nWithin this scope, project studies are actively ongoing in our laboratory. <\/p>\n\n\n\n<p class=\"has-text-align-center\">The project focuses on examining the relationship between different types of photovoltaic cells and atmospheric conditions, as well as their interaction with various ground materials.\nThe study is being conducted under the supervision of Prof. Dr. Ahmet Duran \u015eahin, with the participation of undergraduate students Ali Yenido\u011fan, Emine Akku\u015f, Ya\u011f\u0131zhan Tav\u015fano\u011flu, and Research Assistant Ali Osman Mut.<\/p>\n\n\n\n<p class=\"has-text-align-center\">As a result of the project, scientific publications will be prepared for submission to internationally indexed journals.\nIn addition, the project aims to initiate new research and development studies related to solar energy.<\/p>\n\n\n\n<p> <\/p>\n\n\n\n<figure class=\"wp-block-gallery has-nested-images columns-default is-cropped wp-block-gallery-1 is-layout-flex wp-block-gallery-is-layout-flex\">\n<figure data-wp-context=\"{&quot;imageId&quot;:&quot;69faf9c77c672&quot;}\" data-wp-interactive=\"core\/image\" data-wp-key=\"69faf9c77c672\" class=\"wp-block-image size-large wp-lightbox-container\"><img loading=\"lazy\" decoding=\"async\" width=\"2560\" height=\"1920\" data-wp-class--hide=\"state.isContentHidden\" data-wp-class--show=\"state.isContentVisible\" data-wp-init=\"callbacks.setButtonStyles\" data-wp-on--click=\"actions.showLightbox\" data-wp-on--load=\"callbacks.setButtonStyles\" data-wp-on-window--resize=\"callbacks.setButtonStyles\" data-id=\"795\" src=\"https:\/\/sustecs.itu.edu.tr\/wp-content\/uploads\/2023\/11\/20231123_125431-scaled.jpg\" alt=\"\" class=\"wp-image-795\"\/><button\n\t\t\tclass=\"lightbox-trigger\"\n\t\t\ttype=\"button\"\n\t\t\taria-haspopup=\"dialog\"\n\t\t\taria-label=\"Enlarge\"\n\t\t\tdata-wp-init=\"callbacks.initTriggerButton\"\n\t\t\tdata-wp-on--click=\"actions.showLightbox\"\n\t\t\tdata-wp-style--right=\"state.imageButtonRight\"\n\t\t\tdata-wp-style--top=\"state.imageButtonTop\"\n\t\t>\n\t\t\t<svg xmlns=\"http:\/\/www.w3.org\/2000\/svg\" width=\"12\" height=\"12\" fill=\"none\" viewbox=\"0 0 12 12\">\n\t\t\t\t<path fill=\"#fff\" d=\"M2 0a2 2 0 0 0-2 2v2h1.5V2a.5.5 0 0 1 .5-.5h2V0H2Zm2 10.5H2a.5.5 0 0 1-.5-.5V8H0v2a2 2 0 0 0 2 2h2v-1.5ZM8 12v-1.5h2a.5.5 0 0 0 .5-.5V8H12v2a2 2 0 0 1-2 2H8Zm2-12a2 2 0 0 1 2 2v2h-1.5V2a.5.5 0 0 0-.5-.5H8V0h2Z\" \/>\n\t\t\t<\/svg>\n\t\t<\/button><\/figure>\n\n\n\n<figure data-wp-context=\"{&quot;imageId&quot;:&quot;69faf9c77f376&quot;}\" data-wp-interactive=\"core\/image\" data-wp-key=\"69faf9c77f376\" class=\"wp-block-image size-large wp-lightbox-container\"><img loading=\"lazy\" decoding=\"async\" width=\"1920\" height=\"2560\" data-wp-class--hide=\"state.isContentHidden\" data-wp-class--show=\"state.isContentVisible\" data-wp-init=\"callbacks.setButtonStyles\" data-wp-on--click=\"actions.showLightbox\" data-wp-on--load=\"callbacks.setButtonStyles\" data-wp-on-window--resize=\"callbacks.setButtonStyles\" data-id=\"796\" src=\"https:\/\/sustecs.itu.edu.tr\/wp-content\/uploads\/2023\/11\/20231123_134451-scaled.jpg\" alt=\"\" class=\"wp-image-796\"\/><button\n\t\t\tclass=\"lightbox-trigger\"\n\t\t\ttype=\"button\"\n\t\t\taria-haspopup=\"dialog\"\n\t\t\taria-label=\"Enlarge\"\n\t\t\tdata-wp-init=\"callbacks.initTriggerButton\"\n\t\t\tdata-wp-on--click=\"actions.showLightbox\"\n\t\t\tdata-wp-style--right=\"state.imageButtonRight\"\n\t\t\tdata-wp-style--top=\"state.imageButtonTop\"\n\t\t>\n\t\t\t<svg xmlns=\"http:\/\/www.w3.org\/2000\/svg\" width=\"12\" height=\"12\" fill=\"none\" viewbox=\"0 0 12 12\">\n\t\t\t\t<path fill=\"#fff\" d=\"M2 0a2 2 0 0 0-2 2v2h1.5V2a.5.5 0 0 1 .5-.5h2V0H2Zm2 10.5H2a.5.5 0 0 1-.5-.5V8H0v2a2 2 0 0 0 2 2h2v-1.5ZM8 12v-1.5h2a.5.5 0 0 0 .5-.5V8H12v2a2 2 0 0 1-2 2H8Zm2-12a2 2 0 0 1 2 2v2h-1.5V2a.5.5 0 0 0-.5-.5H8V0h2Z\" \/>\n\t\t\t<\/svg>\n\t\t<\/button><\/figure>\n\n\n\n<figure data-wp-context=\"{&quot;imageId&quot;:&quot;69faf9c782700&quot;}\" data-wp-interactive=\"core\/image\" data-wp-key=\"69faf9c782700\" class=\"wp-block-image size-large wp-lightbox-container\"><img loading=\"lazy\" decoding=\"async\" width=\"1024\" height=\"768\" data-wp-class--hide=\"state.isContentHidden\" data-wp-class--show=\"state.isContentVisible\" data-wp-init=\"callbacks.setButtonStyles\" data-wp-on--click=\"actions.showLightbox\" data-wp-on--load=\"callbacks.setButtonStyles\" data-wp-on-window--resize=\"callbacks.setButtonStyles\" data-id=\"800\" src=\"https:\/\/sustecs.itu.edu.tr\/wp-content\/uploads\/2023\/11\/20231123_140237-1-1024x768.jpg\" alt=\"\" class=\"wp-image-800\" srcset=\"https:\/\/sustecs.itu.edu.tr\/wp-content\/uploads\/2023\/11\/20231123_140237-1-1024x768.jpg 1024w, https:\/\/sustecs.itu.edu.tr\/wp-content\/uploads\/2023\/11\/20231123_140237-1-300x225.jpg 300w, https:\/\/sustecs.itu.edu.tr\/wp-content\/uploads\/2023\/11\/20231123_140237-1-768x576.jpg 768w, https:\/\/sustecs.itu.edu.tr\/wp-content\/uploads\/2023\/11\/20231123_140237-1-1536x1152.jpg 1536w, https:\/\/sustecs.itu.edu.tr\/wp-content\/uploads\/2023\/11\/20231123_140237-1-2048x1536.jpg 2048w\" sizes=\"(max-width: 1024px) 100vw, 1024px\" \/><button\n\t\t\tclass=\"lightbox-trigger\"\n\t\t\ttype=\"button\"\n\t\t\taria-haspopup=\"dialog\"\n\t\t\taria-label=\"Enlarge\"\n\t\t\tdata-wp-init=\"callbacks.initTriggerButton\"\n\t\t\tdata-wp-on--click=\"actions.showLightbox\"\n\t\t\tdata-wp-style--right=\"state.imageButtonRight\"\n\t\t\tdata-wp-style--top=\"state.imageButtonTop\"\n\t\t>\n\t\t\t<svg xmlns=\"http:\/\/www.w3.org\/2000\/svg\" width=\"12\" height=\"12\" fill=\"none\" viewbox=\"0 0 12 12\">\n\t\t\t\t<path fill=\"#fff\" d=\"M2 0a2 2 0 0 0-2 2v2h1.5V2a.5.5 0 0 1 .5-.5h2V0H2Zm2 10.5H2a.5.5 0 0 1-.5-.5V8H0v2a2 2 0 0 0 2 2h2v-1.5ZM8 12v-1.5h2a.5.5 0 0 0 .5-.5V8H12v2a2 2 0 0 1-2 2H8Zm2-12a2 2 0 0 1 2 2v2h-1.5V2a.5.5 0 0 0-.5-.5H8V0h2Z\" \/>\n\t\t\t<\/svg>\n\t\t<\/button><\/figure>\n\n\n\n<figure data-wp-context=\"{&quot;imageId&quot;:&quot;69faf9c78451d&quot;}\" data-wp-interactive=\"core\/image\" data-wp-key=\"69faf9c78451d\" class=\"wp-block-image size-large wp-lightbox-container\"><img loading=\"lazy\" decoding=\"async\" width=\"1024\" height=\"768\" data-wp-class--hide=\"state.isContentHidden\" data-wp-class--show=\"state.isContentVisible\" data-wp-init=\"callbacks.setButtonStyles\" data-wp-on--click=\"actions.showLightbox\" data-wp-on--load=\"callbacks.setButtonStyles\" data-wp-on-window--resize=\"callbacks.setButtonStyles\" data-id=\"800\" src=\"https:\/\/sustecs.itu.edu.tr\/wp-content\/uploads\/2023\/11\/20231123_140237-1-1024x768.jpg\" alt=\"\" class=\"wp-image-800\" srcset=\"https:\/\/sustecs.itu.edu.tr\/wp-content\/uploads\/2023\/11\/20231123_140237-1-1024x768.jpg 1024w, https:\/\/sustecs.itu.edu.tr\/wp-content\/uploads\/2023\/11\/20231123_140237-1-300x225.jpg 300w, https:\/\/sustecs.itu.edu.tr\/wp-content\/uploads\/2023\/11\/20231123_140237-1-768x576.jpg 768w, https:\/\/sustecs.itu.edu.tr\/wp-content\/uploads\/2023\/11\/20231123_140237-1-1536x1152.jpg 1536w, https:\/\/sustecs.itu.edu.tr\/wp-content\/uploads\/2023\/11\/20231123_140237-1-2048x1536.jpg 2048w\" sizes=\"(max-width: 1024px) 100vw, 1024px\" \/><button\n\t\t\tclass=\"lightbox-trigger\"\n\t\t\ttype=\"button\"\n\t\t\taria-haspopup=\"dialog\"\n\t\t\taria-label=\"Enlarge\"\n\t\t\tdata-wp-init=\"callbacks.initTriggerButton\"\n\t\t\tdata-wp-on--click=\"actions.showLightbox\"\n\t\t\tdata-wp-style--right=\"state.imageButtonRight\"\n\t\t\tdata-wp-style--top=\"state.imageButtonTop\"\n\t\t>\n\t\t\t<svg xmlns=\"http:\/\/www.w3.org\/2000\/svg\" width=\"12\" height=\"12\" fill=\"none\" viewbox=\"0 0 12 12\">\n\t\t\t\t<path fill=\"#fff\" d=\"M2 0a2 2 0 0 0-2 2v2h1.5V2a.5.5 0 0 1 .5-.5h2V0H2Zm2 10.5H2a.5.5 0 0 1-.5-.5V8H0v2a2 2 0 0 0 2 2h2v-1.5ZM8 12v-1.5h2a.5.5 0 0 0 .5-.5V8H12v2a2 2 0 0 1-2 2H8Zm2-12a2 2 0 0 1 2 2v2h-1.5V2a.5.5 0 0 0-.5-.5H8V0h2Z\" \/>\n\t\t\t<\/svg>\n\t\t<\/button><\/figure>\n<\/figure>\n\n\n\n<div style=\"height:105px\" aria-hidden=\"true\" class=\"wp-block-spacer\"><\/div>","protected":false},"excerpt":{"rendered":"<p>\u0130stanbul Teknik \u00dcniversitesi Rekt\u00f6rl\u00fc\u011f\u00fc taraf\u0131ndan laboratuvar sorumlusu hocam\u0131z Prof. Dr. Ahmet Duran \u015eahin&#8217;e akademik ba\u015far\u0131 te\u015fvik \u00f6d\u00fcl\u00fc PEDAP(Performansa Dayal\u0131 Ara\u015ft\u0131rma Projesi) deste\u011fi almaya hak kazanm\u0131\u015ft\u0131r. Bu kapsamda laboratuvar\u0131m\u0131z b\u00fcnyesinde proje \u00e7al\u0131\u015fmalar\u0131 t\u00fcm h\u0131z\u0131yla s\u00fcrmektedir. Proje \u00e7al\u0131\u015fmas\u0131 farkl\u0131 t\u00fcr fotovoltaik pillerin atmosferik \u015fartlarla ve farkl\u0131 zemin materyalleriyle olan ili\u015fkisi irdelenecektir. \u00c7al\u0131\u015fma, Prof. Dr. Ahmet Duran \u015eahin [&hellip;]<\/p>\n","protected":false},"author":1,"featured_media":797,"parent":0,"menu_order":0,"comment_status":"closed","ping_status":"closed","template":"","meta":{"saved_in_kubio":false,"footnotes":""},"class_list":["post-794","page","type-page","status-publish","has-post-thumbnail","hentry"],"aioseo_notices":[],"kubio_ai_page_context":{"short_desc":"","purpose":"general"},"_links":{"self":[{"href":"https:\/\/sustecs.itu.edu.tr\/en\/wp-json\/wp\/v2\/pages\/794","targetHints":{"allow":["GET"]}}],"collection":[{"href":"https:\/\/sustecs.itu.edu.tr\/en\/wp-json\/wp\/v2\/pages"}],"about":[{"href":"https:\/\/sustecs.itu.edu.tr\/en\/wp-json\/wp\/v2\/types\/page"}],"author":[{"embeddable":true,"href":"https:\/\/sustecs.itu.edu.tr\/en\/wp-json\/wp\/v2\/users\/1"}],"replies":[{"embeddable":true,"href":"https:\/\/sustecs.itu.edu.tr\/en\/wp-json\/wp\/v2\/comments?post=794"}],"version-history":[{"count":2,"href":"https:\/\/sustecs.itu.edu.tr\/en\/wp-json\/wp\/v2\/pages\/794\/revisions"}],"predecessor-version":[{"id":803,"href":"https:\/\/sustecs.itu.edu.tr\/en\/wp-json\/wp\/v2\/pages\/794\/revisions\/803"}],"wp:featuredmedia":[{"embeddable":true,"href":"https:\/\/sustecs.itu.edu.tr\/en\/wp-json\/wp\/v2\/media\/797"}],"wp:attachment":[{"href":"https:\/\/sustecs.itu.edu.tr\/en\/wp-json\/wp\/v2\/media?parent=794"}],"curies":[{"name":"wp","href":"https:\/\/api.w.org\/{rel}","templated":true}]}}