{"id":7,"date":"2022-05-29T19:30:58","date_gmt":"2022-05-29T16:30:58","guid":{"rendered":"https:\/\/sustecs.itu.edu.tr\/?page_id=7"},"modified":"2025-04-27T05:42:19","modified_gmt":"2025-04-27T02:42:19","slug":"bize-ulasin","status":"publish","type":"page","link":"https:\/\/sustecs.itu.edu.tr\/en\/bize-ulasin\/","title":{"rendered":"Contact Us"},"content":{"rendered":"<div style=\"height:100px\" aria-hidden=\"true\" class=\"wp-block-spacer\"><\/div>\n\n\n\n<div class=\"wp-block-columns is-layout-flex wp-container-core-columns-is-layout-28f84493 wp-block-columns-is-layout-flex\">\n<div class=\"wp-block-column is-layout-flow wp-block-column-is-layout-flow\" style=\"flex-basis:300px\">\n<p class=\"has-medium-font-size\"><strong>\u0130T\u00dc SENERJ\u0130S LABORATUVARI<\/strong><\/p>\n\n\n\n<p>\u0130T\u00dc Ayaza\u011fa Kamp\u00fcs\u00fc, U\u00e7ak ve Uzay Bilimleri Fak\u00fcltesi 3. Kat Oda: 304; 34469, Maslak, \u0130stanbul \/ T\u00fcrkiye<\/p>\n\n\n\n<hr class=\"wp-block-separator has-alpha-channel-opacity\"\/>\n\n\n\n<div class=\"wp-block-group is-vertical is-layout-flex wp-container-core-group-is-layout-fe9cc265 wp-block-group-is-layout-flex\">\n<p><strong>Mail Adreslerimiz<\/strong><\/p>\n\n\n\n<p><a href=\"mailto:sustecs@itu.edu.tr\">sustecs@itu.edu.tr<\/a><\/p>\n\n\n\n<p><a href=\"mailto:sustecsitu@gmail.com\">sustecsitu@gmail.com<\/a><\/p>\n<\/div>\n\n\n\n<hr class=\"wp-block-separator has-alpha-channel-opacity\"\/>\n\n\n\n<p><strong>Sosyal Medya Hesaplar\u0131m\u0131z<\/strong><\/p>\n\n\n\n<figure class=\"wp-block-gallery has-nested-images columns-default is-cropped wp-block-gallery-1 is-layout-flex wp-block-gallery-is-layout-flex\">\n<figure class=\"wp-block-image size-large\"><a href=\"https:\/\/www.linkedin.com\/company\/sustecs\/\" target=\"_blank\" rel=\"noreferrer noopener\"><img decoding=\"async\" data-id=\"340\" src=\"https:\/\/sustecs.itu.edu.tr\/wp-content\/uploads\/2022\/07\/link.png\" alt=\"\" class=\"wp-image-340\"\/><\/a><\/figure>\n\n\n\n<figure class=\"wp-block-image size-large\"><a href=\"https:\/\/www.instagram.com\/sustecsitu\/\" target=\"_blank\" rel=\"noreferrer noopener\"><img decoding=\"async\" data-id=\"341\" src=\"https:\/\/sustecs.itu.edu.tr\/wp-content\/uploads\/2022\/07\/instagram.jpg\" alt=\"\" class=\"wp-image-341\"\/><\/a><\/figure>\n\n\n\n<figure class=\"wp-block-image size-full\"><a href=\"https:\/\/x.com\/sustecsitu\" target=\"_blank\" rel=\"noreferrer noopener\"><img loading=\"lazy\" decoding=\"async\" width=\"371\" height=\"464\" data-id=\"996\" src=\"https:\/\/sustecs.itu.edu.tr\/wp-content\/uploads\/2025\/04\/Adsiz-tasarim-edited-1.png\" alt=\"\" class=\"wp-image-996\" srcset=\"https:\/\/sustecs.itu.edu.tr\/wp-content\/uploads\/2025\/04\/Adsiz-tasarim-edited-1.png 371w, https:\/\/sustecs.itu.edu.tr\/wp-content\/uploads\/2025\/04\/Adsiz-tasarim-edited-1-240x300.png 240w\" sizes=\"(max-width: 371px) 100vw, 371px\" \/><\/a><\/figure>\n<\/figure>\n<\/div>\n\n\n\n<div class=\"wp-block-column is-layout-flow wp-block-column-is-layout-flow\" style=\"flex-basis:550px\"><div id=\"lmm_60414236\" style=\"width:1500px;\" class=\"mapsmarker markermap marker-1\">\n<div id=\"lmm_panel_60414236\" class=\"lmm-panel\" style=\"background:#efefef;\">\n<div id=\"lmm_panel_api_60414236\" class=\"lmm-panel-api\"><a href=\"https:\/\/maps.google.com\/maps?daddr=%C4%B0T%C3%9C+SENERJ%C4%B0S&amp;t=m&amp;layer=1&amp;doflg=ptk&amp;om=0\" target=\"_blank\" title=\"Get directions\"><img loading=\"lazy\" decoding=\"async\" alt=\"icon-car.png\" src=\"https:\/\/sustecs.itu.edu.tr\/wp-content\/plugins\/leaflet-maps-marker\/inc\/img\/icon-car.png\" width=\"14\" height=\"14\" class=\"lmm-panel-api-images\" \/><\/a><\/div><div id=\"lmm_panel_text_60414236\" class=\"lmm-panel-text\" style=\"font-weight:bold;color:#373737;\">\u0130T\u00dc SENERJ\u0130S<\/div><\/div>\n<div id=\"lmm_map_60414236\" class=\"lmm-map\" style=\"background:#f6f6f6;border:1px solid #ccc;height:480px; overflow:hidden;padding:0;\"><p style=\"font-size:80%;color:#9f9e9e;margin-left:5px;\">loading map - please wait...<noscript><br\/><strong>Map could not be loaded - please enable Javascript!<\/strong><br\/><a style=\"text-decoration:none;\" href=\"https:\/\/www.mapsmarker.com\/js-disabled\" target=\"_blank\">&rarr; more information<\/a><\/noscript><\/p><\/div>\n<div id=\"lmm_geo_tags_60414236\" class=\"lmm-geo-tags geo\">\n<span class=\"paneltext\">\u0130T\u00dc SENERJ\u0130S<\/span>\n<span class=\"latitude\">41.101422<\/span>, <span class=\"longitude\">29.021206<\/span>\n<span class=\"popuptext\">e-mail: sustecs@itu.edu.tr\r\n\r\nsustecsitu@gmail.com<\/span>\n<\/div>\n<\/div>\n<\/div>\n<\/div>\n\n\n\n<div class=\"wp-block-columns is-layout-flex wp-container-core-columns-is-layout-28f84493 wp-block-columns-is-layout-flex\">\n<div class=\"wp-block-column is-layout-flow wp-block-column-is-layout-flow\" style=\"flex-basis:100%\">\n<div style=\"height:100px\" aria-hidden=\"true\" class=\"wp-block-spacer\"><\/div>\n<\/div>\n<\/div>\n\n\n\n<p><\/p>","protected":false},"excerpt":{"rendered":"<p>\u0130T\u00dc SENERJ\u0130S LABORATUVARI \u0130T\u00dc Ayaza\u011fa Kamp\u00fcs\u00fc, U\u00e7ak ve Uzay Bilimleri Fak\u00fcltesi 3. Kat Oda: 304; 34469, Maslak, \u0130stanbul \/ T\u00fcrkiye Mail Adreslerimiz sustecs@itu.edu.tr sustecsitu@gmail.com Sosyal Medya Hesaplar\u0131m\u0131z<\/p>","protected":false},"author":1,"featured_media":0,"parent":0,"menu_order":0,"comment_status":"closed","ping_status":"closed","template":"","meta":{"saved_in_kubio":false,"footnotes":""},"class_list":["post-7","page","type-page","status-publish","hentry"],"aioseo_notices":[],"kubio_ai_page_context":{"short_desc":"","purpose":"general"},"_links":{"self":[{"href":"https:\/\/sustecs.itu.edu.tr\/en\/wp-json\/wp\/v2\/pages\/7","targetHints":{"allow":["GET"]}}],"collection":[{"href":"https:\/\/sustecs.itu.edu.tr\/en\/wp-json\/wp\/v2\/pages"}],"about":[{"href":"https:\/\/sustecs.itu.edu.tr\/en\/wp-json\/wp\/v2\/types\/page"}],"author":[{"embeddable":true,"href":"https:\/\/sustecs.itu.edu.tr\/en\/wp-json\/wp\/v2\/users\/1"}],"replies":[{"embeddable":true,"href":"https:\/\/sustecs.itu.edu.tr\/en\/wp-json\/wp\/v2\/comments?post=7"}],"version-history":[{"count":27,"href":"https:\/\/sustecs.itu.edu.tr\/en\/wp-json\/wp\/v2\/pages\/7\/revisions"}],"predecessor-version":[{"id":998,"href":"https:\/\/sustecs.itu.edu.tr\/en\/wp-json\/wp\/v2\/pages\/7\/revisions\/998"}],"wp:attachment":[{"href":"https:\/\/sustecs.itu.edu.tr\/en\/wp-json\/wp\/v2\/media?parent=7"}],"curies":[{"name":"wp","href":"https:\/\/api.w.org\/{rel}","templated":true}]}}