{"id":593,"date":"2023-10-18T22:54:04","date_gmt":"2023-10-18T19:54:04","guid":{"rendered":"https:\/\/sustecs.itu.edu.tr\/?page_id=593"},"modified":"2023-10-20T01:23:04","modified_gmt":"2023-10-19T22:23:04","slug":"kulup-calismalari","status":"publish","type":"page","link":"https:\/\/sustecs.itu.edu.tr\/en\/kulup-calismalari\/","title":{"rendered":"The SUSTECS Team Continues Its Technical Training Programs"},"content":{"rendered":"<p class=\"has-text-align-left\">SENERJ\u0130S Laboratuvar\u0131 b\u00fcnyesinde yer alan \u00a0Sustainable Energy and Climate Systems (SUSTECS) tak\u0131m\u0131, e\u011fitim \u00e7al\u0131\u015fmalar\u0131n\u0131 eski mezunlar\u0131m\u0131z Ali Samet ELVAN ve Selahattin Seha C\u0130R\u0130T&#8217;\u0130N kat\u0131l\u0131mlar\u0131yla s\u00fcrd\u00fcrmektedir. Ar. G\u00f6r. Ali Osman MUT moderat\u00f6rl\u00fc\u011f\u00fcnde ger\u00e7ekle\u015ftirilen e\u011fitimde, &#8220;Veri Bilimi ve Uygulamalar\u0131&#8221; konular\u0131 \u00fczerine bilgi payla\u015f\u0131m\u0131 ger\u00e7ekle\u015ftirilmi\u015ftir. <\/p>\n\n\n\n<div class=\"wp-block-group is-vertical is-content-justification-left is-nowrap is-layout-flex wp-container-core-group-is-layout-b9305f23 wp-block-group-is-layout-flex\">\n<figure class=\"wp-block-gallery has-nested-images columns-default is-cropped wp-block-gallery-1 is-layout-flex wp-block-gallery-is-layout-flex\">\n<figure class=\"wp-block-image size-full is-style-default\"><img loading=\"lazy\" decoding=\"async\" width=\"2048\" height=\"1536\" data-id=\"595\" src=\"https:\/\/sustecs.itu.edu.tr\/wp-content\/uploads\/2023\/10\/WhatsApp-Image-2023-10-17-at-19.13.15_2a16d3db.jpg\" alt=\"\" class=\"wp-image-595\" srcset=\"https:\/\/sustecs.itu.edu.tr\/wp-content\/uploads\/2023\/10\/WhatsApp-Image-2023-10-17-at-19.13.15_2a16d3db.jpg 2048w, https:\/\/sustecs.itu.edu.tr\/wp-content\/uploads\/2023\/10\/WhatsApp-Image-2023-10-17-at-19.13.15_2a16d3db-300x225.jpg 300w, https:\/\/sustecs.itu.edu.tr\/wp-content\/uploads\/2023\/10\/WhatsApp-Image-2023-10-17-at-19.13.15_2a16d3db-1024x768.jpg 1024w, https:\/\/sustecs.itu.edu.tr\/wp-content\/uploads\/2023\/10\/WhatsApp-Image-2023-10-17-at-19.13.15_2a16d3db-768x576.jpg 768w, https:\/\/sustecs.itu.edu.tr\/wp-content\/uploads\/2023\/10\/WhatsApp-Image-2023-10-17-at-19.13.15_2a16d3db-1536x1152.jpg 1536w\" sizes=\"(max-width: 2048px) 100vw, 2048px\" \/><\/figure>\n\n\n\n<figure class=\"wp-block-image size-full\"><img loading=\"lazy\" decoding=\"async\" width=\"2048\" height=\"1536\" data-id=\"596\" src=\"https:\/\/sustecs.itu.edu.tr\/wp-content\/uploads\/2023\/10\/WhatsApp-Image-2023-10-17-at-19.13.15_68085c08.jpg\" alt=\"\" class=\"wp-image-596\" srcset=\"https:\/\/sustecs.itu.edu.tr\/wp-content\/uploads\/2023\/10\/WhatsApp-Image-2023-10-17-at-19.13.15_68085c08.jpg 2048w, https:\/\/sustecs.itu.edu.tr\/wp-content\/uploads\/2023\/10\/WhatsApp-Image-2023-10-17-at-19.13.15_68085c08-300x225.jpg 300w, https:\/\/sustecs.itu.edu.tr\/wp-content\/uploads\/2023\/10\/WhatsApp-Image-2023-10-17-at-19.13.15_68085c08-1024x768.jpg 1024w, https:\/\/sustecs.itu.edu.tr\/wp-content\/uploads\/2023\/10\/WhatsApp-Image-2023-10-17-at-19.13.15_68085c08-768x576.jpg 768w, https:\/\/sustecs.itu.edu.tr\/wp-content\/uploads\/2023\/10\/WhatsApp-Image-2023-10-17-at-19.13.15_68085c08-1536x1152.jpg 1536w\" sizes=\"(max-width: 2048px) 100vw, 2048px\" \/><\/figure>\n<\/figure>\n<\/div>\n\n\n\n<p><\/p>\n\n\n\n<hr class=\"wp-block-separator has-alpha-channel-opacity\"\/>\n\n\n\n<div class=\"wp-block-media-text is-stacked-on-mobile\" style=\"grid-template-columns:49% auto\"><figure class=\"wp-block-media-text__media\"><img loading=\"lazy\" decoding=\"async\" width=\"500\" height=\"500\" src=\"https:\/\/sustecs.itu.edu.tr\/wp-content\/uploads\/2023\/10\/ali-samet.jpg\" alt=\"\" class=\"wp-image-594 size-full\" srcset=\"https:\/\/sustecs.itu.edu.tr\/wp-content\/uploads\/2023\/10\/ali-samet.jpg 500w, https:\/\/sustecs.itu.edu.tr\/wp-content\/uploads\/2023\/10\/ali-samet-300x300.jpg 300w, https:\/\/sustecs.itu.edu.tr\/wp-content\/uploads\/2023\/10\/ali-samet-150x150.jpg 150w\" sizes=\"(max-width: 500px) 100vw, 500px\" \/><\/figure><div class=\"wp-block-media-text__content\">\n<p class=\"has-text-align-center\">2021 y\u0131l\u0131nda \u0130T\u00dc Meteoloroji M\u00fchendisli\u011finden mezun olan Ali Samet ELVAN, \u00f6\u011frencilik y\u0131llar\u0131nda veriye olan ilgisi \u00fczerine d\u00fc\u015f\u00fcp bu alanda kendini geli\u015ftirmeye \u00e7al\u0131\u015farak Veri Bilimi \u00fczereni stajlar ve \u00e7al\u0131\u015fmalar ger\u00e7ekle\u015ftirmi\u015ftir. Mezuniyeti sonras\u0131nda Aksa Enerji \u015firketinde Veri Analisti olarak \u00e7al\u0131\u015fmaya ba\u015flam\u0131\u015ft\u0131r. Farkl\u0131 veri tipleri ile \u00e7al\u0131\u015fmak ve bu alanda deneyimini artt\u0131rmak i\u00e7in 2022 \u015eubat ay\u0131nda Hepsiburada \u015firketinde Growth Hacker olarak \u00e7al\u0131\u015fmalar\u0131n\u0131 s\u00fcrd\u00fcrmektedir. <\/p>\n\n\n\n<p class=\"has-text-align-center\"><\/p>\n\n\n<div class=\"wp-block-image\">\n<figure class=\"aligncenter size-large is-resized\"><a href=\"https:\/\/www.linkedin.com\/in\/alisametelvan\/\"><img decoding=\"async\" src=\"https:\/\/upload.wikimedia.org\/wikipedia\/commons\/thumb\/c\/ca\/LinkedIn_logo_initials.png\/640px-LinkedIn_logo_initials.png\" alt=\"\" style=\"aspect-ratio:1;object-fit:cover;width:40px;height:auto\"\/><\/a><\/figure>\n<\/div><\/div><\/div>\n\n\n\n<div style=\"height:100px\" aria-hidden=\"true\" class=\"wp-block-spacer\"><\/div>","protected":false},"excerpt":{"rendered":"<p>SENERJ\u0130S Laboratuvar\u0131 b\u00fcnyesinde yer alan \u00a0Sustainable Energy and Climate Systems (SUSTECS) tak\u0131m\u0131, e\u011fitim \u00e7al\u0131\u015fmalar\u0131n\u0131 eski mezunlar\u0131m\u0131z Ali Samet ELVAN ve Selahattin Seha C\u0130R\u0130T&#8217;\u0130N kat\u0131l\u0131mlar\u0131yla s\u00fcrd\u00fcrmektedir. Ar. G\u00f6r. Ali Osman MUT moderat\u00f6rl\u00fc\u011f\u00fcnde ger\u00e7ekle\u015ftirilen e\u011fitimde, &#8220;Veri Bilimi ve Uygulamalar\u0131&#8221; konular\u0131 \u00fczerine bilgi payla\u015f\u0131m\u0131 ger\u00e7ekle\u015ftirilmi\u015ftir.<\/p>","protected":false},"author":1,"featured_media":0,"parent":0,"menu_order":0,"comment_status":"closed","ping_status":"closed","template":"","meta":{"saved_in_kubio":false,"footnotes":""},"class_list":["post-593","page","type-page","status-publish","hentry"],"aioseo_notices":[],"kubio_ai_page_context":{"short_desc":"","purpose":"general"},"_links":{"self":[{"href":"https:\/\/sustecs.itu.edu.tr\/en\/wp-json\/wp\/v2\/pages\/593","targetHints":{"allow":["GET"]}}],"collection":[{"href":"https:\/\/sustecs.itu.edu.tr\/en\/wp-json\/wp\/v2\/pages"}],"about":[{"href":"https:\/\/sustecs.itu.edu.tr\/en\/wp-json\/wp\/v2\/types\/page"}],"author":[{"embeddable":true,"href":"https:\/\/sustecs.itu.edu.tr\/en\/wp-json\/wp\/v2\/users\/1"}],"replies":[{"embeddable":true,"href":"https:\/\/sustecs.itu.edu.tr\/en\/wp-json\/wp\/v2\/comments?post=593"}],"version-history":[{"count":23,"href":"https:\/\/sustecs.itu.edu.tr\/en\/wp-json\/wp\/v2\/pages\/593\/revisions"}],"predecessor-version":[{"id":629,"href":"https:\/\/sustecs.itu.edu.tr\/en\/wp-json\/wp\/v2\/pages\/593\/revisions\/629"}],"wp:attachment":[{"href":"https:\/\/sustecs.itu.edu.tr\/en\/wp-json\/wp\/v2\/media?parent=593"}],"curies":[{"name":"wp","href":"https:\/\/api.w.org\/{rel}","templated":true}]}}