{"id":544,"date":"2023-01-11T14:08:35","date_gmt":"2023-01-11T11:08:35","guid":{"rendered":"https:\/\/sustecs.itu.edu.tr\/?page_id=544"},"modified":"2023-05-18T22:21:41","modified_gmt":"2023-05-18T19:21:41","slug":"senerjis-bulten-ocak-2023","status":"publish","type":"page","link":"https:\/\/sustecs.itu.edu.tr\/en\/senerjis-bulten-ocak-2023\/","title":{"rendered":""},"content":{"rendered":"<p><code><div class=\"_df_book df-lite\" id=\"df_541\"  _slug=\"senerjis-bulten-ocak-2023\" data-title=\"senerjis-bulten-ocak-2023\" wpoptions=\"true\" thumb=\"https:\/\/sustecs.itu.edu.tr\/wp-content\/uploads\/2023\/01\/popup3.png\" thumbtype=\"\" ><\/div><script class=\"df-shortcode-script\" type=\"application\/javascript\">window.option_df_541 = {\"outline\":[],\"autoEnableOutline\":\"false\",\"autoEnableThumbnail\":\"false\",\"overwritePDFOutline\":\"false\",\"direction\":\"1\",\"pageSize\":\"0\",\"source\":\"https:\\\/\\\/sustecs.itu.edu.tr\\\/wp-content\\\/uploads\\\/2023\\\/01\\\/sayi3.pdf\",\"wpOptions\":\"true\"}; if(window.DFLIP && window.DFLIP.parseBooks){window.DFLIP.parseBooks();}<\/script><\/code><\/p>\n\n\n\n<p class=\"has-text-align-center\">*B\u00fcltende yer alan linklere ula\u015fmak i\u00e7in l\u00fctfen <strong><a href=\"https:\/\/sustecs.itu.edu.tr\/wp-content\/uploads\/2023\/01\/sayi3.pdf\" title=\"\">pdf dosyas\u0131n\u0131 <\/a><\/strong>indiriniz<\/p>\n\n\n\n<p><\/p>","protected":false},"excerpt":{"rendered":"<p>*B\u00fcltende yer alan linklere ula\u015fmak i\u00e7in l\u00fctfen pdf dosyas\u0131n\u0131 indiriniz<\/p>","protected":false},"author":1,"featured_media":0,"parent":0,"menu_order":0,"comment_status":"closed","ping_status":"closed","template":"","meta":{"saved_in_kubio":false,"footnotes":""},"class_list":["post-544","page","type-page","status-publish","hentry"],"aioseo_notices":[],"kubio_ai_page_context":{"short_desc":"","purpose":"general"},"_links":{"self":[{"href":"https:\/\/sustecs.itu.edu.tr\/en\/wp-json\/wp\/v2\/pages\/544","targetHints":{"allow":["GET"]}}],"collection":[{"href":"https:\/\/sustecs.itu.edu.tr\/en\/wp-json\/wp\/v2\/pages"}],"about":[{"href":"https:\/\/sustecs.itu.edu.tr\/en\/wp-json\/wp\/v2\/types\/page"}],"author":[{"embeddable":true,"href":"https:\/\/sustecs.itu.edu.tr\/en\/wp-json\/wp\/v2\/users\/1"}],"replies":[{"embeddable":true,"href":"https:\/\/sustecs.itu.edu.tr\/en\/wp-json\/wp\/v2\/comments?post=544"}],"version-history":[{"count":5,"href":"https:\/\/sustecs.itu.edu.tr\/en\/wp-json\/wp\/v2\/pages\/544\/revisions"}],"predecessor-version":[{"id":575,"href":"https:\/\/sustecs.itu.edu.tr\/en\/wp-json\/wp\/v2\/pages\/544\/revisions\/575"}],"wp:attachment":[{"href":"https:\/\/sustecs.itu.edu.tr\/en\/wp-json\/wp\/v2\/media?parent=544"}],"curies":[{"name":"wp","href":"https:\/\/api.w.org\/{rel}","templated":true}]}}