{"id":427,"date":"2022-09-28T15:54:29","date_gmt":"2022-09-28T12:54:29","guid":{"rendered":"https:\/\/sustecs.itu.edu.tr\/?page_id=427"},"modified":"2023-11-01T01:09:37","modified_gmt":"2023-10-31T22:09:37","slug":"tubacalistay","status":"publish","type":"page","link":"https:\/\/sustecs.itu.edu.tr\/en\/tubacalistay\/","title":{"rendered":"International Workshop on the Present and Future of Water Resources in the Context of Climate Change"},"content":{"rendered":"<hr class=\"wp-block-separator has-alpha-channel-opacity\"\/>\n\n\n\n<h3 class=\"wp-block-heading\"><\/h3>\n\n\n\n<figure class=\"wp-block-table is-style-regular\"><table><tbody><tr><td><img decoding=\"async\" src=\"https:\/\/sustecs.itu.edu.tr\/wp-content\/uploads\/2022\/09\/iklimdegisimi_ve_su_calistayi-1024x576.jpg\" alt=\"\" style=\"width: 3500px;\"><\/td><td>The Workshop on Climate Change and Water Resources was convened on September 23\u201324 at the Istanbul Technical University (ITU) Ayaza\u011fa Campus, in collaboration with Istanbul Technical University and the Turkish Academy of Sciences (T\u00dcBA).\nThe workshop focused on the impacts of climate change, the critical importance of sustainability, and the preservation of national water resources. A range of challenges were discussed, and solution-oriented approaches were proposed by participating experts. <br>The Workshop on Climate Change and Water Resources, jointly organized by Istanbul Technical University (ITU) and the Turkish Academy of Sciences (T\u00dcBA), was held at the S\u00fcleyman Demirel Cultural Center on the ITU Ayaza\u011fa Campus.\nThe opening ceremony of the workshop, which took place on September 23\u201324, was attended by Rector Prof. Dr. \u0130smail Koyuncu, Prof. Dr. Mehmet Emin Ayd\u0131n, Chair of the T\u00dcBA Working Group on Environment, Biodiversity and Climate Change, T\u00dcBA President Prof. Dr. Muzaffer \u015eeker, General Director of the State Hydraulic Works (DS\u0130) Prof. Dr. L\u00fctfi Akca, and Governor of Istanbul Mr. Ali Yerlikaya. <br>In addition to our laboratory director Prof. Dr. Ahmet Duran \u015eahin, members of the SENERJ\u0130S Group \u2014 Ali Osman Mut, Nida Do\u011fan, Sena Ecem Yakut, Tolga Kara, and Esra G\u00fcn \u2014 served on the workshop's organizing committee and contributed significantly to the successful execution of the event.<br>*<a href=\"https:\/\/haberler.itu.edu.tr\/haberdetay\/2022\/09\/26\/itu-de-iklim-degisikligi-ve-su-kaynaklari-calistayi\">https:\/\/haberler.itu.edu.tr\/haberdetay\/2022\/09\/26\/itu-de-iklim-degisikligi-ve-su-kaynaklari-calistayi<\/a><br><br>The contributions presented during the workshop were compiled and evaluated by T\u00dcBA, and subsequently published in the form of a final report.\u00a0<br>Edit\u00f6r: Mehmet Emin Ayd\u0131n, Ahmet Duran \u015eahin<br><a href=\"https:\/\/tuba.gov.tr\/tr\/yayinlar\/suresiz-yayinlar\/raporlar\/iklim-degisimi-cercevesinde-su-kaynaklarinin-mevcut-durumu-ve-gelecegi\" target=\"_blank\" rel=\"noopener\" title=\"\">https:\/\/tuba.gov.tr\/tr\/yayinlar\/suresiz-yayinlar\/raporlar\/iklim-degisimi-cercevesinde-su-kaynaklarinin-mevcut-durumu-ve-gelecegi<\/a><br><\/td><\/tr><\/tbody><\/table><\/figure>\n\n\n\n<figure class=\"wp-block-gallery has-nested-images columns-default is-cropped wp-block-gallery-1 is-layout-flex wp-block-gallery-is-layout-flex\">\n<figure class=\"wp-block-image size-large\"><a href=\"https:\/\/sustecs.itu.edu.tr\/wp-content\/uploads\/2022\/09\/ITU_2679-scaled.jpg\"><img loading=\"lazy\" decoding=\"async\" width=\"2560\" height=\"1707\" data-id=\"472\" src=\"https:\/\/sustecs.itu.edu.tr\/wp-content\/uploads\/2022\/09\/ITU_2679-scaled.jpg\" alt=\"\" class=\"wp-image-472\" srcset=\"https:\/\/sustecs.itu.edu.tr\/wp-content\/uploads\/2022\/09\/ITU_2679-scaled.jpg 2560w, https:\/\/sustecs.itu.edu.tr\/wp-content\/uploads\/2022\/09\/ITU_2679-300x200.jpg 300w, https:\/\/sustecs.itu.edu.tr\/wp-content\/uploads\/2022\/09\/ITU_2679-1024x683.jpg 1024w, https:\/\/sustecs.itu.edu.tr\/wp-content\/uploads\/2022\/09\/ITU_2679-768x512.jpg 768w, https:\/\/sustecs.itu.edu.tr\/wp-content\/uploads\/2022\/09\/ITU_2679-1536x1024.jpg 1536w, https:\/\/sustecs.itu.edu.tr\/wp-content\/uploads\/2022\/09\/ITU_2679-2048x1365.jpg 2048w, https:\/\/sustecs.itu.edu.tr\/wp-content\/uploads\/2022\/09\/ITU_2679-930x620.jpg 930w\" sizes=\"(max-width: 2560px) 100vw, 2560px\" \/><\/a><\/figure>\n\n\n\n<figure class=\"wp-block-image size-large\"><a href=\"https:\/\/sustecs.itu.edu.tr\/wp-content\/uploads\/2022\/09\/ITU_2688-scaled.jpg\"><img loading=\"lazy\" decoding=\"async\" width=\"2560\" height=\"1707\" data-id=\"473\" src=\"https:\/\/sustecs.itu.edu.tr\/wp-content\/uploads\/2022\/09\/ITU_2688-scaled.jpg\" alt=\"\" class=\"wp-image-473\" srcset=\"https:\/\/sustecs.itu.edu.tr\/wp-content\/uploads\/2022\/09\/ITU_2688-scaled.jpg 2560w, https:\/\/sustecs.itu.edu.tr\/wp-content\/uploads\/2022\/09\/ITU_2688-300x200.jpg 300w, https:\/\/sustecs.itu.edu.tr\/wp-content\/uploads\/2022\/09\/ITU_2688-1024x683.jpg 1024w, https:\/\/sustecs.itu.edu.tr\/wp-content\/uploads\/2022\/09\/ITU_2688-768x512.jpg 768w, https:\/\/sustecs.itu.edu.tr\/wp-content\/uploads\/2022\/09\/ITU_2688-1536x1024.jpg 1536w, https:\/\/sustecs.itu.edu.tr\/wp-content\/uploads\/2022\/09\/ITU_2688-2048x1365.jpg 2048w, https:\/\/sustecs.itu.edu.tr\/wp-content\/uploads\/2022\/09\/ITU_2688-930x620.jpg 930w\" sizes=\"(max-width: 2560px) 100vw, 2560px\" \/><\/a><\/figure>\n\n\n\n<figure class=\"wp-block-image size-large\"><a href=\"https:\/\/sustecs.itu.edu.tr\/wp-content\/uploads\/2022\/09\/iklim_ve_su_calistayi_21-scaled.jpg\"><img loading=\"lazy\" decoding=\"async\" width=\"1024\" height=\"683\" data-id=\"480\" src=\"https:\/\/sustecs.itu.edu.tr\/wp-content\/uploads\/2022\/09\/iklim_ve_su_calistayi_21-1024x683.jpg\" alt=\"\" class=\"wp-image-480\" srcset=\"https:\/\/sustecs.itu.edu.tr\/wp-content\/uploads\/2022\/09\/iklim_ve_su_calistayi_21-1024x683.jpg 1024w, https:\/\/sustecs.itu.edu.tr\/wp-content\/uploads\/2022\/09\/iklim_ve_su_calistayi_21-300x200.jpg 300w, https:\/\/sustecs.itu.edu.tr\/wp-content\/uploads\/2022\/09\/iklim_ve_su_calistayi_21-768x512.jpg 768w, https:\/\/sustecs.itu.edu.tr\/wp-content\/uploads\/2022\/09\/iklim_ve_su_calistayi_21-1536x1024.jpg 1536w, https:\/\/sustecs.itu.edu.tr\/wp-content\/uploads\/2022\/09\/iklim_ve_su_calistayi_21-2048x1365.jpg 2048w, https:\/\/sustecs.itu.edu.tr\/wp-content\/uploads\/2022\/09\/iklim_ve_su_calistayi_21-930x620.jpg 930w\" sizes=\"(max-width: 1024px) 100vw, 1024px\" \/><\/a><\/figure>\n\n\n\n<figure class=\"wp-block-image size-large\"><a href=\"https:\/\/sustecs.itu.edu.tr\/wp-content\/uploads\/2022\/09\/ITU_4884-scaled.jpg\"><img loading=\"lazy\" decoding=\"async\" width=\"2560\" height=\"1707\" data-id=\"476\" src=\"https:\/\/sustecs.itu.edu.tr\/wp-content\/uploads\/2022\/09\/ITU_4884-scaled.jpg\" alt=\"\" class=\"wp-image-476\" srcset=\"https:\/\/sustecs.itu.edu.tr\/wp-content\/uploads\/2022\/09\/ITU_4884-scaled.jpg 2560w, https:\/\/sustecs.itu.edu.tr\/wp-content\/uploads\/2022\/09\/ITU_4884-300x200.jpg 300w, https:\/\/sustecs.itu.edu.tr\/wp-content\/uploads\/2022\/09\/ITU_4884-1024x683.jpg 1024w, https:\/\/sustecs.itu.edu.tr\/wp-content\/uploads\/2022\/09\/ITU_4884-768x512.jpg 768w, https:\/\/sustecs.itu.edu.tr\/wp-content\/uploads\/2022\/09\/ITU_4884-1536x1024.jpg 1536w, https:\/\/sustecs.itu.edu.tr\/wp-content\/uploads\/2022\/09\/ITU_4884-2048x1365.jpg 2048w, https:\/\/sustecs.itu.edu.tr\/wp-content\/uploads\/2022\/09\/ITU_4884-930x620.jpg 930w\" sizes=\"(max-width: 2560px) 100vw, 2560px\" \/><\/a><\/figure>\n\n\n\n<figure class=\"wp-block-image size-large\"><a href=\"https:\/\/sustecs.itu.edu.tr\/wp-content\/uploads\/2022\/09\/3-1-scaled.jpg\"><img loading=\"lazy\" decoding=\"async\" width=\"2560\" height=\"1707\" data-id=\"448\" src=\"https:\/\/sustecs.itu.edu.tr\/wp-content\/uploads\/2022\/09\/3-1-scaled.jpg\" alt=\"\" class=\"wp-image-448\" srcset=\"https:\/\/sustecs.itu.edu.tr\/wp-content\/uploads\/2022\/09\/3-1-scaled.jpg 2560w, https:\/\/sustecs.itu.edu.tr\/wp-content\/uploads\/2022\/09\/3-1-300x200.jpg 300w, https:\/\/sustecs.itu.edu.tr\/wp-content\/uploads\/2022\/09\/3-1-1024x683.jpg 1024w, https:\/\/sustecs.itu.edu.tr\/wp-content\/uploads\/2022\/09\/3-1-768x512.jpg 768w, https:\/\/sustecs.itu.edu.tr\/wp-content\/uploads\/2022\/09\/3-1-1536x1024.jpg 1536w, https:\/\/sustecs.itu.edu.tr\/wp-content\/uploads\/2022\/09\/3-1-2048x1365.jpg 2048w, https:\/\/sustecs.itu.edu.tr\/wp-content\/uploads\/2022\/09\/3-1-930x620.jpg 930w\" sizes=\"(max-width: 2560px) 100vw, 2560px\" \/><\/a><\/figure>\n\n\n\n<figure class=\"wp-block-image size-large\"><a href=\"https:\/\/sustecs.itu.edu.tr\/wp-content\/uploads\/2022\/09\/4-1-scaled.jpg\"><img loading=\"lazy\" decoding=\"async\" width=\"2560\" height=\"1707\" data-id=\"474\" src=\"https:\/\/sustecs.itu.edu.tr\/wp-content\/uploads\/2022\/09\/ITU_3429-scaled.jpg\" alt=\"\" class=\"wp-image-474\" srcset=\"https:\/\/sustecs.itu.edu.tr\/wp-content\/uploads\/2022\/09\/ITU_3429-scaled.jpg 2560w, https:\/\/sustecs.itu.edu.tr\/wp-content\/uploads\/2022\/09\/ITU_3429-300x200.jpg 300w, https:\/\/sustecs.itu.edu.tr\/wp-content\/uploads\/2022\/09\/ITU_3429-1024x683.jpg 1024w, https:\/\/sustecs.itu.edu.tr\/wp-content\/uploads\/2022\/09\/ITU_3429-768x512.jpg 768w, https:\/\/sustecs.itu.edu.tr\/wp-content\/uploads\/2022\/09\/ITU_3429-1536x1024.jpg 1536w, https:\/\/sustecs.itu.edu.tr\/wp-content\/uploads\/2022\/09\/ITU_3429-2048x1365.jpg 2048w, https:\/\/sustecs.itu.edu.tr\/wp-content\/uploads\/2022\/09\/ITU_3429-930x620.jpg 930w\" sizes=\"(max-width: 2560px) 100vw, 2560px\" \/><\/a><\/figure>\n\n\n\n<figure class=\"wp-block-image size-full\"><a href=\"https:\/\/sustecs.itu.edu.tr\/wp-content\/uploads\/2022\/09\/ITU_3438-scaled.jpg\"><img loading=\"lazy\" decoding=\"async\" width=\"2560\" height=\"1707\" data-id=\"475\" src=\"https:\/\/sustecs.itu.edu.tr\/wp-content\/uploads\/2022\/09\/ITU_3438-scaled.jpg\" alt=\"\" class=\"wp-image-475\" srcset=\"https:\/\/sustecs.itu.edu.tr\/wp-content\/uploads\/2022\/09\/ITU_3438-scaled.jpg 2560w, https:\/\/sustecs.itu.edu.tr\/wp-content\/uploads\/2022\/09\/ITU_3438-300x200.jpg 300w, https:\/\/sustecs.itu.edu.tr\/wp-content\/uploads\/2022\/09\/ITU_3438-1024x683.jpg 1024w, https:\/\/sustecs.itu.edu.tr\/wp-content\/uploads\/2022\/09\/ITU_3438-768x512.jpg 768w, https:\/\/sustecs.itu.edu.tr\/wp-content\/uploads\/2022\/09\/ITU_3438-1536x1024.jpg 1536w, https:\/\/sustecs.itu.edu.tr\/wp-content\/uploads\/2022\/09\/ITU_3438-2048x1365.jpg 2048w, https:\/\/sustecs.itu.edu.tr\/wp-content\/uploads\/2022\/09\/ITU_3438-930x620.jpg 930w\" sizes=\"(max-width: 2560px) 100vw, 2560px\" \/><\/a><\/figure>\n<\/figure>\n\n\n\n<hr class=\"wp-block-separator has-alpha-channel-opacity\"\/>\n\n\n\n<div style=\"height:100px\" aria-hidden=\"true\" class=\"wp-block-spacer\"><\/div>","protected":false},"excerpt":{"rendered":"<p>\u0130stanbul Teknik \u00dcniversitesi ve T\u00fcrkiye Bilimler Akademisi i\u015fbirli\u011finde 23 ve 24 Eyl\u00fcl\u2019de \u0130klim De\u011fi\u015fikli\u011fi ve Su Kaynaklar\u0131 \u00c7al\u0131\u015ftay\u0131, \u0130T\u00dc Ayaza\u011fa Yerle\u015fkesinde yap\u0131ld\u0131. \u00c7al\u0131\u015ftay\u2019da iklim de\u011fi\u015fiminin etkileri, s\u00fcrd\u00fcr\u00fclebilirli\u011fin \u00f6nemi ve \u00fclkemizdeki su kaynaklar\u0131n\u0131n korunmas\u0131 temalar\u0131 ele al\u0131nd\u0131 ve \u00e7\u00f6z\u00fcmler sunuldu. \u0130stanbul Teknik \u00dcniversitesi (\u0130T\u00dc) ve T\u00fcrkiye Bilimler Akademisi (T\u00dcBA) i\u015fbirli\u011finde d\u00fczenlenen \u0130klim De\u011fi\u015fikli\u011fi ve Su Kaynaklar\u0131 [&hellip;]<\/p>\n","protected":false},"author":1,"featured_media":0,"parent":0,"menu_order":0,"comment_status":"closed","ping_status":"closed","template":"","meta":{"saved_in_kubio":false,"footnotes":""},"class_list":["post-427","page","type-page","status-publish","hentry"],"aioseo_notices":[],"kubio_ai_page_context":{"short_desc":"","purpose":"general"},"_links":{"self":[{"href":"https:\/\/sustecs.itu.edu.tr\/en\/wp-json\/wp\/v2\/pages\/427","targetHints":{"allow":["GET"]}}],"collection":[{"href":"https:\/\/sustecs.itu.edu.tr\/en\/wp-json\/wp\/v2\/pages"}],"about":[{"href":"https:\/\/sustecs.itu.edu.tr\/en\/wp-json\/wp\/v2\/types\/page"}],"author":[{"embeddable":true,"href":"https:\/\/sustecs.itu.edu.tr\/en\/wp-json\/wp\/v2\/users\/1"}],"replies":[{"embeddable":true,"href":"https:\/\/sustecs.itu.edu.tr\/en\/wp-json\/wp\/v2\/comments?post=427"}],"version-history":[{"count":23,"href":"https:\/\/sustecs.itu.edu.tr\/en\/wp-json\/wp\/v2\/pages\/427\/revisions"}],"predecessor-version":[{"id":672,"href":"https:\/\/sustecs.itu.edu.tr\/en\/wp-json\/wp\/v2\/pages\/427\/revisions\/672"}],"wp:attachment":[{"href":"https:\/\/sustecs.itu.edu.tr\/en\/wp-json\/wp\/v2\/media?parent=427"}],"curies":[{"name":"wp","href":"https:\/\/api.w.org\/{rel}","templated":true}]}}