{"id":381,"date":"2022-09-16T15:05:52","date_gmt":"2022-09-16T12:05:52","guid":{"rendered":"https:\/\/sustecs.itu.edu.tr\/?page_id=381"},"modified":"2022-09-16T15:28:36","modified_gmt":"2022-09-16T12:28:36","slug":"eylul-2022","status":"publish","type":"page","link":"https:\/\/sustecs.itu.edu.tr\/en\/eylul-2022\/","title":{"rendered":""},"content":{"rendered":"<p class=\"has-text-align-center\"><code><div class=\"_df_book df-lite\" id=\"df_387\"  _slug=\"senerjis-bulten-eylul-2022\" data-title=\"senerjis-bulten-eylul-2022\" wpoptions=\"true\" thumbtype=\"\" ><\/div><script class=\"df-shortcode-script\" type=\"application\/javascript\">window.option_df_387 = {\"outline\":[],\"backgroundColor\":\"#357da9\",\"autoEnableOutline\":\"false\",\"autoEnableThumbnail\":\"false\",\"overwritePDFOutline\":\"false\",\"direction\":\"1\",\"pageSize\":\"0\",\"source\":\"https:\\\/\\\/sustecs.itu.edu.tr\\\/wp-content\\\/uploads\\\/2022\\\/09\\\/SUSTECS-Lab-Newsletter_Eylul2022_v4.pdf\",\"wpOptions\":\"true\"}; if(window.DFLIP && window.DFLIP.parseBooks){window.DFLIP.parseBooks();}<\/script><\/code> <\/p>\n\n\n\n<p class=\"has-text-align-center\">*B\u00fcltende yer alan linklere ula\u015fmak i\u00e7in l\u00fctfen <strong><a href=\"https:\/\/sustecs.itu.edu.tr\/wp-content\/uploads\/2022\/09\/SUSTECS-Lab-Newsletter_Eylul2022_v4.pdf\">pdf dosyas\u0131n\u0131 <\/a><\/strong>indiriniz<\/p>\n\n\n\n<p><\/p>","protected":false},"excerpt":{"rendered":"<p>*B\u00fcltende yer alan linklere ula\u015fmak i\u00e7in l\u00fctfen pdf dosyas\u0131n\u0131 indiriniz<\/p>","protected":false},"author":1,"featured_media":0,"parent":0,"menu_order":0,"comment_status":"closed","ping_status":"closed","template":"","meta":{"saved_in_kubio":false,"footnotes":""},"class_list":["post-381","page","type-page","status-publish","hentry"],"aioseo_notices":[],"kubio_ai_page_context":{"short_desc":"","purpose":"general"},"_links":{"self":[{"href":"https:\/\/sustecs.itu.edu.tr\/en\/wp-json\/wp\/v2\/pages\/381","targetHints":{"allow":["GET"]}}],"collection":[{"href":"https:\/\/sustecs.itu.edu.tr\/en\/wp-json\/wp\/v2\/pages"}],"about":[{"href":"https:\/\/sustecs.itu.edu.tr\/en\/wp-json\/wp\/v2\/types\/page"}],"author":[{"embeddable":true,"href":"https:\/\/sustecs.itu.edu.tr\/en\/wp-json\/wp\/v2\/users\/1"}],"replies":[{"embeddable":true,"href":"https:\/\/sustecs.itu.edu.tr\/en\/wp-json\/wp\/v2\/comments?post=381"}],"version-history":[{"count":7,"href":"https:\/\/sustecs.itu.edu.tr\/en\/wp-json\/wp\/v2\/pages\/381\/revisions"}],"predecessor-version":[{"id":397,"href":"https:\/\/sustecs.itu.edu.tr\/en\/wp-json\/wp\/v2\/pages\/381\/revisions\/397"}],"wp:attachment":[{"href":"https:\/\/sustecs.itu.edu.tr\/en\/wp-json\/wp\/v2\/media?parent=381"}],"curies":[{"name":"wp","href":"https:\/\/api.w.org\/{rel}","templated":true}]}}